{"id":57,"date":"2024-02-20T15:29:56","date_gmt":"2024-02-20T15:29:56","guid":{"rendered":"https:\/\/sustainablefinance.feut.edu.al\/?page_id=57"},"modified":"2026-01-06T12:46:12","modified_gmt":"2026-01-06T12:46:12","slug":"media-get-in-touch","status":"publish","type":"page","link":"https:\/\/sustainablefinance.feut.edu.al\/?page_id=57","title":{"rendered":"Media\/Get in touch"},"content":{"rendered":"\n<p><\/p>\n\n\n\n<h2 class=\"wp-block-heading\">Media Appearance<\/h2>\n\n\n\n<p>On 28 January 2025, B.Leka was invited to discuss about financial literacy on Scan Television Program in Albania. This discussion was focused in explaining briefly why financial literacy is so crucial, especially in today&#8217;s world where economic decisions are more complex, considering a recent study of Bank of Albania, as well as findings of a project research of the Faculty of Economy, University of Tirana, and the new approach based on Green Economy and FinTech by implementing a Jean Monnet Project- Green FIB.<\/p>\n\n\n\n<figure class=\"wp-block-embed is-type-video is-provider-youtube wp-block-embed-youtube wp-embed-aspect-16-9 wp-has-aspect-ratio\"><div class=\"wp-block-embed__wrapper\">\n<iframe title=\"Sa kultur\u00eb financiare kan\u00eb shqiptar\u00ebt? Pedagogia Brikena Leka flet mbi studimet dhe statistikat\" width=\"640\" height=\"360\" src=\"https:\/\/www.youtube.com\/embed\/6aAua_xJw80?feature=oembed\" frameborder=\"0\" allow=\"accelerometer; autoplay; clipboard-write; encrypted-media; gyroscope; picture-in-picture; web-share\" referrerpolicy=\"strict-origin-when-cross-origin\" allowfullscreen><\/iframe>\n<\/div><\/figure>\n","protected":false},"excerpt":{"rendered":"<p>Media Appearance On 28 January 2025, B.Leka was invited to discuss about financial literacy on Scan Television Program in Albania. This discussion was focused in explaining briefly why financial literacy is so crucial, especially in today&#8217;s world where economic decisions are more complex, considering a recent study of Bank of Albania, as well as findings&#8230;<\/p>\n","protected":false},"author":1,"featured_media":0,"parent":43,"menu_order":0,"comment_status":"closed","ping_status":"closed","template":"","meta":{"footnotes":""},"class_list":["post-57","page","type-page","status-publish","hentry"],"_links":{"self":[{"href":"https:\/\/sustainablefinance.feut.edu.al\/index.php?rest_route=\/wp\/v2\/pages\/57","targetHints":{"allow":["GET"]}}],"collection":[{"href":"https:\/\/sustainablefinance.feut.edu.al\/index.php?rest_route=\/wp\/v2\/pages"}],"about":[{"href":"https:\/\/sustainablefinance.feut.edu.al\/index.php?rest_route=\/wp\/v2\/types\/page"}],"author":[{"embeddable":true,"href":"https:\/\/sustainablefinance.feut.edu.al\/index.php?rest_route=\/wp\/v2\/users\/1"}],"replies":[{"embeddable":true,"href":"https:\/\/sustainablefinance.feut.edu.al\/index.php?rest_route=%2Fwp%2Fv2%2Fcomments&post=57"}],"version-history":[{"count":5,"href":"https:\/\/sustainablefinance.feut.edu.al\/index.php?rest_route=\/wp\/v2\/pages\/57\/revisions"}],"predecessor-version":[{"id":691,"href":"https:\/\/sustainablefinance.feut.edu.al\/index.php?rest_route=\/wp\/v2\/pages\/57\/revisions\/691"}],"up":[{"embeddable":true,"href":"https:\/\/sustainablefinance.feut.edu.al\/index.php?rest_route=\/wp\/v2\/pages\/43"}],"wp:attachment":[{"href":"https:\/\/sustainablefinance.feut.edu.al\/index.php?rest_route=%2Fwp%2Fv2%2Fmedia&parent=57"}],"curies":[{"name":"wp","href":"https:\/\/api.w.org\/{rel}","templated":true}]}}